{"id":2079,"date":"2021-07-25T09:32:50","date_gmt":"2021-07-25T09:32:50","guid":{"rendered":"https:\/\/www.hethertendal.be\/?page_id=2079"},"modified":"2021-07-27T18:41:00","modified_gmt":"2021-07-27T18:41:00","slug":"condition-de-vente","status":"publish","type":"page","link":"https:\/\/www.hethertendal.be\/index.php\/condition-de-vente\/","title":{"rendered":"Condition de vente"},"content":{"rendered":"\t\t<div data-elementor-type=\"wp-page\" data-elementor-id=\"2079\" class=\"elementor elementor-2079\" data-elementor-post-type=\"page\">\n\t\t\t\t\t\t<section class=\"elementor-section elementor-top-section elementor-element elementor-element-3064929 elementor-section-boxed elementor-section-height-default elementor-section-height-default\" data-id=\"3064929\" data-element_type=\"section\" data-e-type=\"section\">\n\t\t\t\t\t\t<div class=\"elementor-container elementor-column-gap-default\">\n\t\t\t\t\t<div class=\"elementor-column elementor-col-100 elementor-top-column elementor-element elementor-element-2ee24e5\" data-id=\"2ee24e5\" data-element_type=\"column\" data-e-type=\"column\">\n\t\t\t<div class=\"elementor-widget-wrap elementor-element-populated\">\n\t\t\t\t\t\t<div class=\"elementor-element elementor-element-1212d61 elementor-widget elementor-widget-text-editor\" data-id=\"1212d61\" data-element_type=\"widget\" data-e-type=\"widget\" data-widget_type=\"text-editor.default\">\n\t\t\t\t<div class=\"elementor-widget-container\">\n\t\t\t\t\t\t\t\t\t<p>I. CONDITIONS G\u00c9N\u00c9RALES DE LOCATION DES CHAMBRES D&#8217;H\u00d4TES&nbsp;<\/p>\n<p>1. DISPOSITIONS APPLICABLES ET ACCEPTATION DES CONDITIONS G\u00c9N\u00c9RALES&nbsp;<\/p>\n<p>Toutes r\u00e9servations de s\u00e9jours en chambres d&#8217;h\u00f4tes Le Val des Cerfs\/ Het Hertendal&nbsp;sont soumises aux pr\u00e9sentes conditions g\u00e9n\u00e9rales.<br>Sauf stipulation expresse contraire, le client est cens\u00e9 avoir pris connaissance desdites conditions et en avoir accept\u00e9 toutes les clauses au plus tard lors du versement de l&#8217;acompte de r\u00e9servation ou de la prise de possession de la chambre. Le propri\u00e9taire certifie que le bien lou\u00e9 est conforme au Livre III du Code Wallon du tourisme relatif aux normes d&#8217;incendies pour les h\u00e9bergements touristiques de terroir.&nbsp;<\/p>\n<p>2. FORMATION DU CONTRAT ET PAIEMENT DU PRIX&nbsp;<\/p>\n<p>La r\u00e9servation devient effective et vaut contrat de location d\u00e8s lors que le client aura fait parvenir au propri\u00e9taireun acompte de 30 % du montant du prix du s\u00e9jour sur le compte BE81363187664324. La prise de possession de la chambre vaut \u00e9galement contrat de location. Les prix s&#8217;entendent toutes charges comprises, hors taxe de s\u00e9jour et suppl\u00e9ments \u00e9ventuels. Le solde du s\u00e9jour est \u00e0 r\u00e9gler \u00e0 l&#8217;arriv\u00e9e chez le propri\u00e9taire. Les consommations et les prestations suppl\u00e9mentaires non pr\u00e9vues \u00e0 l&#8217;avance seront \u00e0 r\u00e9gler en fin de s\u00e9jour au propri\u00e9taire.<\/p>\n<p>Sauf indication contraire, tous les r\u00e8glements sur place se font uniquement en esp\u00e8ces. Le bailleur a choisi stripe.com afin de s\u00e9curiser les paiements en ligne par carte bancaire. La validit\u00e9 de la carte de paiement du client est v\u00e9rifi\u00e9e par stripe.com. Il peut y avoir un refus de la carte de paiement pour plusieurs raisons : carte vol\u00e9e, carte bloqu\u00e9e, plafond atteint, erreur de saisie. En cas de probl\u00e8me, le client devra se rapprocher de sa banque d\u2019une part, de l\u2019\u00e9tablissement d\u2019autre part pour confirmer sa r\u00e9servation et son mode de paiement.&nbsp;<\/p>\n<p>3. ANNULATION DU CONTRAT&nbsp;<\/p>\n<p>Toute annulation par le client doit \u00eatre notifi\u00e9e par lettre, t\u00e9l\u00e9copie (fax) ou \u00e9mail adress\u00e9 au&nbsp;<span style=\"color: var( --e-global-color-text ); font-family: var( --e-global-typography-text-font-family ), Sans-serif; font-weight: var( --e-global-typography-text-font-weight ); font-size: 1rem;\">propri\u00e9taire.&nbsp;<\/span><\/p>\n<p>\u2022 Si l&#8217;annulation intervient plus de 14 jours avant le d\u00e9but du s\u00e9jour, l&#8217;acompte sera rembours\u00e9 int\u00e9gralement. Dans les autres cas, l&#8217;acompte reste acquis au propri\u00e9taire.&nbsp;<\/p>\n<p>\u2022 Si l&#8217;annulation intervient entre 14 et 7 jours avant le d\u00e9but du s\u00e9jour, l&#8217;acompte reste acquis au propri\u00e9taire mais vous obtenez un bon d\u2019achat valeur de&nbsp;<span style=\"color: var( --e-global-color-text ); font-family: var( --e-global-typography-text-font-family ), Sans-serif; font-weight: var( --e-global-typography-text-font-weight ); font-size: 1rem;\">l&#8217;acompte.<\/span><br><\/p>\n<p>\u2022 Si l&#8217;annulation intervient moins de 7 jours avant le d\u00e9but du s\u00e9jour, l&#8217;acompte reste acquis au propri\u00e9taire qui se r\u00e9serve le droit de r\u00e9clamer le solde du prix de l&#8217;h\u00e9bergement.&nbsp;<\/p>\n<p>\u2022 En cas de s\u00e9jour \u00e9court\u00e9, le prix correspondant au co\u00fbt de l&#8217;h\u00e9bergement et aux prestations suppl\u00e9mentaires demand\u00e9es mais non consomm\u00e9es reste int\u00e9gralement acquis au propri\u00e9taire.&nbsp;<\/p>\n<p>En cas d&#8217;annulation du s\u00e9jour par le propri\u00e9taire avant la date de d\u00e9but du s\u00e9jour, il doit en informer le client par tous les moyens possibles et confirmer par lettre recommand\u00e9e avec accus\u00e9 de r\u00e9ception. Le client, sans pr\u00e9juger des recours en r\u00e9paration des dommages \u00e9ventuellement subis, sera rembours\u00e9 imm\u00e9diatement des sommes vers\u00e9es. Sauf cas de force majeure, il recevra en outre une indemnit\u00e9 \u00e9gale \u00e0 la moiti\u00e9 du prix de s\u00e9jour si l&#8217;annulation intervient moins de 48 heures avant le d\u00e9but du s\u00e9jour ou se verra proposer un h\u00e9bergement de m\u00eame qualit\u00e9 ou de qualit\u00e9 sup\u00e9rieure au prix de sa r\u00e9servation.&nbsp;<\/p>\n<p>4. ARRIV\u00c9E, D\u00c9PART ET DUR\u00c9E DU S\u00c9JOUR&nbsp;<\/p>\n<p>Le client doit se pr\u00e9senter le jour pr\u00e9cis\u00e9 et aux heures indiqu\u00e9es. Par obligation l\u00e9gale, il sera demand\u00e9 au client, d\u00e8s son arriv\u00e9e, de communiquer les informations n\u00e9cessaires au contr\u00f4le des voyageurs (coordonn\u00e9es, num\u00e9ro d&#8217;identit\u00e9, \u2026). En cas d&#8217;arriv\u00e9e tardive ou diff\u00e9r\u00e9e, le client doit pr\u00e9venir le propri\u00e9taire. Si le client ne s&#8217;est pas manifest\u00e9 dans l&#8217;heure qui suit le jour et l&#8217;heure pr\u00e9vus de d\u00e9but de s\u00e9jour, la r\u00e9servation devient nulle et le propri\u00e9taire peut disposer de ses chambres d&#8217;h\u00f4tes. L&#8217;acompte reste acquis au propri\u00e9taire qui se r\u00e9serve le droit de r\u00e9clamer le solde du prix del&#8217;h\u00e9bergement.<br>Sauf convention avec le propri\u00e9taire, le d\u00e9part se fait avant 11h00. En cas de r\u00e9servation pour une p\u00e9riode d\u00e9termin\u00e9e sup\u00e9rieure \u00e0 15 jours, ou pour une p\u00e9riode ind\u00e9termin\u00e9e, les parties dresseront contradictoirement un \u00e9tat des lieux. Le client qui prend une r\u00e9servation aupr\u00e8s d&#8217;un propri\u00e9taire pour une dur\u00e9e d\u00e9termin\u00e9e ne peut en aucun cas se pr\u00e9valoir d&#8217;un quelconque droit au maintien dans les lieux au-del\u00e0 de la p\u00e9riode pr\u00e9vue. La cession ou la sous-location sont interdites.&nbsp;<\/p>\n<p>5. USAGE ET OCCUPATION DES LIEUX&nbsp;<\/p>\n<p>Le client devra respecter le caract\u00e8re paisible des lieux et en faire un usage conforme \u00e0 leur destination. Il tiendra compte de la qui\u00e9tude des autres occupants et du propri\u00e9taire. Les parents veilleront en outre \u00e0 ce que leurs enfants respectent les r\u00e8gles de vie du lieu. Le s\u00e9jour r\u00e9serv\u00e9 est fix\u00e9 pour un nombre pr\u00e9cis de personnes en ce compris les b\u00e9b\u00e9s et enfants en bas \u00e2ge. Si le nombre de clients d\u00e9passe ce nombre, le propri\u00e9taire a le droit de refuser les clients suppl\u00e9mentaires ou d&#8217;obliger le client \u00e0 r\u00e9server une autre chambre (si disponible) pour loger ces clients, au prix affich\u00e9.<br>Le refus ne peut \u00eatre en aucun cas consid\u00e9r\u00e9 comme une modification ou une rupture de contrat \u00e0 l&#8217;initiative du propri\u00e9taire, de sorte qu&#8217;en cas de d\u00e9part du client, aucun remboursement ne peut \u00eatre envisag\u00e9.<\/p>\n<p><br>Les animaux domestiques ne sont accept\u00e9s que sur accord particulier du propri\u00e9taire. En cas de non-respect de cette r\u00e8gle, le propri\u00e9taire a le droit de refuser l&#8217;entr\u00e9e du client dans sa chambre. Le refus ne peut \u00eatre en aucun cas consid\u00e9r\u00e9 comme une modification ou une rupture de contrat \u00e0 l&#8217;initiative du propri\u00e9taire, de sorte qu&#8217;en cas de d\u00e9part du client, aucun remboursement ne peut \u00eatre envisag\u00e9. Le client est invit\u00e9 \u00e0 ne pas fumer ni manger dans sa chambre pour \u00e9viter des accidents pouvant nuire \u00e0 la qualit\u00e9 et \u00e0 l&#8217;ambiance de l&#8217;h\u00e9bergement. Il s&#8217;engage \u00e0 rendre la chambre et le mobilier mis \u00e0 sa disposition en bon \u00e9tat.<\/p>\n<p>6. LITIGES<\/p>\n<p>Toute r\u00e9clamation relative \u00e0 l&#8217;\u00e9tat des lieux doit \u00eatre&nbsp;<\/p>\n<p>\u2022 notifi\u00e9e imm\u00e9diatement au propri\u00e9taire,<br>\u2022 soumise \u00e0 la F\u00e9d\u00e9ration des G\u00eetes de Wallonie par \u00e9mail, fax ou courrier postal dans les trois jours suivant le d\u00e9but du s\u00e9jour.<span style=\"color: var( --e-global-color-text ); font-family: var( --e-global-typography-text-font-family ), Sans-serif; font-weight: var( --e-global-typography-text-font-weight ); font-size: 1rem;\"><br><\/span><\/p>\n<p><span style=\"color: var( --e-global-color-text ); font-family: var( --e-global-typography-text-font-family ), Sans-serif; font-weight: var( --e-global-typography-text-font-weight ); font-size: 1rem;\">Toute autre r\u00e9clamation relative \u00e0 un s\u00e9jour peut \u00eatre adress\u00e9e \u00e0 la F\u00e9d\u00e9ration, comp\u00e9tente pour <\/span><span style=\"color: var( --e-global-color-text ); font-family: var( --e-global-typography-text-font-family ), Sans-serif; font-weight: var( --e-global-typography-text-font-weight ); font-size: 1rem;\">\u00e9mettre une proposition en faveur d&#8217;un accord \u00e0 l&#8217;amiable. A d\u00e9faut d&#8217;y parvenir, seuls les tribunaux <\/span><span style=\"color: var( --e-global-color-text ); font-family: var( --e-global-typography-text-font-family ), Sans-serif; font-weight: var( --e-global-typography-text-font-weight ); font-size: 1rem;\">de l&#8217;arrondissement judiciaire du lieu o\u00f9 se trouve l&#8217;immeuble comportant les chambres sont <\/span><span style=\"color: var( --e-global-color-text ); font-family: var( --e-global-typography-text-font-family ), Sans-serif; font-weight: var( --e-global-typography-text-font-weight ); font-size: 1rem;\">comp\u00e9tents.<\/span><br><\/p>\n<p>7. DROIT DE R\u00c9TRACTATION&nbsp;<\/p>\n<p>Il est rappel\u00e9 que, conform\u00e9ment \u00e0 l\u2019article VI.53 du Code de droit \u00e9conomique belge, si le contrat<br>pr\u00e9voit une date ou une p\u00e9riode d&#8217;ex\u00e9cution sp\u00e9cifique, le client n&#8217;a pas le droit de se r\u00e9tracter en<br>cas de r\u00e9servation :<br>&#8211; d\u2019un h\u00e9bergement autre qu&#8217;\u00e0 des fins r\u00e9sidentielles (par exemple, logement de vacances),<br>&#8211; d\u2019un transport,<br>&#8211; d\u2019une location de voitures,<br>&#8211; de restauration et services li\u00e9s \u00e0 des activit\u00e9s de loisirs.&nbsp;<\/p>\n<p>8. RESPECT DE LA VIE PRIV\u00c9E&nbsp;<\/p>\n<p>Nous collectons vos donn\u00e9es conform\u00e9ment au R\u00e8glement G\u00e9n\u00e9ral sur la Protection des Donn\u00e9es Personnelles (2016\/679)(\u00ab RGDP \u00bb).<br>Les donn\u00e9es personnelles que vous nous fournissez sont n\u00e9cessaires au traitement de votre r\u00e9servation et sont indispensables \u00e0 la gestion et la fourniture des services (article 6.1.b du R\u00e8glement susmentionn\u00e9). A ces fins, vos donn\u00e9es peuvent ainsi \u00eatre transf\u00e9r\u00e9es \u00e0 nos partenaires, dont notamment Elloha.com qui g\u00e8re l\u2019outil de r\u00e9servation, les prestataires de paiement en ligne, des prestataires \u00e9tablis dans des Etats tiers. En particulier lors du paiement en ligne, les coordonn\u00e9es bancaires du client devront \u00eatre transmises par le prestataire de paiement \u00e0 la banque de l\u2019\u00e9tablissement, pour l\u2019ex\u00e9cution du contrat de r\u00e9servation. Nous faisons uniquement appel \u00e0 des partenaires garantissant un niveau de protection conforme aux principes inscrits dans le RGDP.<\/p>\n<p>Avec votre consentement, vos donn\u00e9es pourront \u00e9galement \u00eatre utilis\u00e9es par nous pour vous adresser nos offres promotionnelles ou commerciales, par courrier \u00e9lectronique ou postal. Nous conservons vos donn\u00e9es pour une dur\u00e9e de 7 ans apr\u00e8s le dernier contact (mail, r\u00e9servation\u2026).<br>En qualit\u00e9 de personne dont les donn\u00e9es sont collect\u00e9es, vous disposez d\u2019un droit d\u2019acc\u00e8s, de rectification, d\u2019effacement de vos donn\u00e9es, ainsi qu\u2019un droit d\u2019opposition \u00e0 la collecte de vos donn\u00e9es. Ces droits peuvent \u00eatre exerc\u00e9s en nous envoyant un mail, mentionnant votre nom, pr\u00e9nom et adresse ainsi que l\u2019objet de votre correspondance. Vos r\u00e9clamations relatives \u00e0 la collecte et au traitement de vos donn\u00e9es personnelles peuvent \u00eatre&nbsp;adress\u00e9es \u00e0 l\u2019autorit\u00e9 de contr\u00f4le comp\u00e9tente.<br><\/p>\t\t\t\t\t\t\t\t<\/div>\n\t\t\t\t<\/div>\n\t\t\t\t\t<\/div>\n\t\t<\/div>\n\t\t\t\t\t<\/div>\n\t\t<\/section>\n\t\t\t\t<\/div>\n\t\t","protected":false},"excerpt":{"rendered":"<p>I. CONDITIONS G\u00c9N\u00c9RALES DE LOCATION DES CHAMBRES D&#8217;H\u00d4TES&nbsp; 1. DISPOSITIONS APPLICABLES ET ACCEPTATION DES CONDITIONS G\u00c9N\u00c9RALES&nbsp; Toutes r\u00e9servations de s\u00e9jours en chambres d&#8217;h\u00f4tes Le Val des Cerfs\/ Het Hertendal&nbsp;sont soumises aux pr\u00e9sentes conditions g\u00e9n\u00e9rales.Sauf stipulation expresse contraire, le client est cens\u00e9 avoir pris connaissance desdites conditions et en avoir accept\u00e9 toutes les clauses au plus [&hellip;]<\/p>\n","protected":false},"author":2,"featured_media":0,"parent":0,"menu_order":0,"comment_status":"closed","ping_status":"closed","template":"","meta":{"footnotes":""},"class_list":["post-2079","page","type-page","status-publish","hentry"],"_links":{"self":[{"href":"https:\/\/www.hethertendal.be\/index.php\/wp-json\/wp\/v2\/pages\/2079","targetHints":{"allow":["GET"]}}],"collection":[{"href":"https:\/\/www.hethertendal.be\/index.php\/wp-json\/wp\/v2\/pages"}],"about":[{"href":"https:\/\/www.hethertendal.be\/index.php\/wp-json\/wp\/v2\/types\/page"}],"author":[{"embeddable":true,"href":"https:\/\/www.hethertendal.be\/index.php\/wp-json\/wp\/v2\/users\/2"}],"replies":[{"embeddable":true,"href":"https:\/\/www.hethertendal.be\/index.php\/wp-json\/wp\/v2\/comments?post=2079"}],"version-history":[{"count":5,"href":"https:\/\/www.hethertendal.be\/index.php\/wp-json\/wp\/v2\/pages\/2079\/revisions"}],"predecessor-version":[{"id":2141,"href":"https:\/\/www.hethertendal.be\/index.php\/wp-json\/wp\/v2\/pages\/2079\/revisions\/2141"}],"wp:attachment":[{"href":"https:\/\/www.hethertendal.be\/index.php\/wp-json\/wp\/v2\/media?parent=2079"}],"curies":[{"name":"wp","href":"https:\/\/api.w.org\/{rel}","templated":true}]}}